{"id":57,"date":"2020-03-13T10:07:44","date_gmt":"2020-03-13T10:07:44","guid":{"rendered":"https:\/\/demo.creativethemes.com\/blocksy\/modern-shop\/?post_type=product&#038;p=57"},"modified":"2023-09-06T12:55:37","modified_gmt":"2023-09-06T12:55:37","slug":"fringilla-phasellus-faucus-scelerisque-eleifend-donec","status":"publish","type":"product","link":"https:\/\/templates.loguei.com\/ecomm02d\/produto\/fringilla-phasellus-faucus-scelerisque-eleifend-donec\/","title":{"rendered":"Caderno Brochura Grande Universit\u00e1rio Landon 96 Folhas"},"content":{"rendered":"<p>Conte aqui tudo sobre o seu produto. Neste espa\u00e7o, voc\u00ea tem total liberdade para incluir as informa\u00e7\u00f5es mais relevantes que estimular\u00e3o o interesse das pessoas em adquirir o produto: este item de papelaria \u00e9 a escolha perfeita para quem busca a combina\u00e7\u00e3o ideal entre estilo, funcionalidade e sustentabilidade. Com sua capa de papel kraft reciclado e p\u00e1ginas internas feitas de papel reciclado de alta qualidade, voc\u00ea estar\u00e1 contribuindo para um mundo mais verde enquanto organiza suas ideias e anota\u00e7\u00f5es.<\/p>\n<p>&nbsp;<\/p>\n<p>&nbsp;<\/p>\n<p>&nbsp;<\/p>\n","protected":false},"excerpt":{"rendered":"<p>Conte aqui tudo sobre o seu produto: Estilo, funcionalidade e qualidade em um \u00fanico lugar. Com capa resistente e p\u00e1ginas de alta gramatura, este item de papelaria \u00e9 ideal para organizar suas ideias e anota\u00e7\u00f5es de forma elegante.<\/p>\n<p><span style=\"font-weight: 400;\">\u00a0<\/span><\/p>\n","protected":false},"featured_media":862,"comment_status":"open","ping_status":"closed","template":"","meta":[],"product_cat":[24],"product_tag":[],"class_list":["post-57","product","type-product","status-publish","has-post-thumbnail","hentry","product_cat-cadernos-agendas"],"featured_image_urls":{"full":["https:\/\/templates.loguei.com\/ecomm02d\/wp-content\/uploads\/2020\/03\/38c8d163eca0c7815cec65a2d9a1c09b.png",620,720,false],"thumbnail":["https:\/\/templates.loguei.com\/ecomm02d\/wp-content\/uploads\/2020\/03\/38c8d163eca0c7815cec65a2d9a1c09b-150x150.png",150,150,true],"medium":["https:\/\/templates.loguei.com\/ecomm02d\/wp-content\/uploads\/2020\/03\/38c8d163eca0c7815cec65a2d9a1c09b-258x300.png",258,300,true],"medium_large":["https:\/\/templates.loguei.com\/ecomm02d\/wp-content\/uploads\/2020\/03\/38c8d163eca0c7815cec65a2d9a1c09b.png",620,720,false],"large":["https:\/\/templates.loguei.com\/ecomm02d\/wp-content\/uploads\/2020\/03\/38c8d163eca0c7815cec65a2d9a1c09b.png",620,720,false],"1536x1536":["https:\/\/templates.loguei.com\/ecomm02d\/wp-content\/uploads\/2020\/03\/38c8d163eca0c7815cec65a2d9a1c09b.png",620,720,false],"2048x2048":["https:\/\/templates.loguei.com\/ecomm02d\/wp-content\/uploads\/2020\/03\/38c8d163eca0c7815cec65a2d9a1c09b.png",620,720,false],"woocommerce_thumbnail":["https:\/\/templates.loguei.com\/ecomm02d\/wp-content\/uploads\/2020\/03\/38c8d163eca0c7815cec65a2d9a1c09b-300x348.png",300,348,true],"woocommerce_single":["https:\/\/templates.loguei.com\/ecomm02d\/wp-content\/uploads\/2020\/03\/38c8d163eca0c7815cec65a2d9a1c09b-600x697.png",600,697,true],"woocommerce_gallery_thumbnail":["https:\/\/templates.loguei.com\/ecomm02d\/wp-content\/uploads\/2020\/03\/38c8d163eca0c7815cec65a2d9a1c09b-100x100.png",100,100,true]},"post_excerpt_stackable":"<p>Conte aqui tudo sobre o seu produto: Estilo, funcionalidade e qualidade em um \u00fanico lugar. Com capa resistente e p\u00e1ginas de alta gramatura, este item de papelaria \u00e9 ideal para organizar suas ideias e anota\u00e7\u00f5es de forma elegante.<\/p>\n<p><span style=\"font-weight: 400;\">\u00a0<\/span><\/p>\n","category_list":"","author_info":{"name":"","url":""},"comments_num":"1 coment\u00e1rio","_links":{"self":[{"href":"https:\/\/templates.loguei.com\/ecomm02d\/wp-json\/wp\/v2\/product\/57","targetHints":{"allow":["GET"]}}],"collection":[{"href":"https:\/\/templates.loguei.com\/ecomm02d\/wp-json\/wp\/v2\/product"}],"about":[{"href":"https:\/\/templates.loguei.com\/ecomm02d\/wp-json\/wp\/v2\/types\/product"}],"replies":[{"embeddable":true,"href":"https:\/\/templates.loguei.com\/ecomm02d\/wp-json\/wp\/v2\/comments?post=57"}],"wp:featuredmedia":[{"embeddable":true,"href":"https:\/\/templates.loguei.com\/ecomm02d\/wp-json\/wp\/v2\/media\/862"}],"wp:attachment":[{"href":"https:\/\/templates.loguei.com\/ecomm02d\/wp-json\/wp\/v2\/media?parent=57"}],"wp:term":[{"taxonomy":"product_cat","embeddable":true,"href":"https:\/\/templates.loguei.com\/ecomm02d\/wp-json\/wp\/v2\/product_cat?post=57"},{"taxonomy":"product_tag","embeddable":true,"href":"https:\/\/templates.loguei.com\/ecomm02d\/wp-json\/wp\/v2\/product_tag?post=57"}],"curies":[{"name":"wp","href":"https:\/\/api.w.org\/{rel}","templated":true}]}}