{"id":162,"date":"2020-03-16T09:08:51","date_gmt":"2020-03-16T09:08:51","guid":{"rendered":"https:\/\/demo.creativethemes.com\/blocksy\/modern-shop\/?post_type=product&#038;p=162"},"modified":"2023-09-05T20:52:37","modified_gmt":"2023-09-05T20:52:37","slug":"donec-ultrices-tincidunt-arcu-non-sodales","status":"publish","type":"product","link":"https:\/\/templates.loguei.com\/ecomm02d\/produto\/donec-ultrices-tincidunt-arcu-non-sodales\/","title":{"rendered":"Caneta Esferogr\u00e1fica Sky Colors c\/ 4 Unidades"},"content":{"rendered":"<p>Conte aqui tudo sobre o seu produto. Neste espa\u00e7o, voc\u00ea tem total liberdade para incluir as informa\u00e7\u00f5es mais relevantes que estimular\u00e3o o interesse das pessoas em adquirir o produto: este item de papelaria \u00e9 a escolha perfeita para quem busca a combina\u00e7\u00e3o ideal entre estilo, funcionalidade e sustentabilidade. Com sua capa de papel kraft reciclado e p\u00e1ginas internas feitas de papel reciclado de alta qualidade, voc\u00ea estar\u00e1 contribuindo para um mundo mais verde enquanto organiza suas ideias e anota\u00e7\u00f5es.<\/p>\n<p>&nbsp;<\/p>\n","protected":false},"excerpt":{"rendered":"<p>Conte aqui tudo sobre o seu produto: Estilo, funcionalidade e qualidade em um \u00fanico lugar. Com capa resistente e p\u00e1ginas de alta gramatura, este item de papelaria \u00e9 ideal para organizar suas ideias e anota\u00e7\u00f5es de forma elegante.<\/p>\n<p>&nbsp;<\/p>\n<p><span style=\"font-weight: 400;\">\u00a0<\/span><\/p>\n","protected":false},"featured_media":848,"comment_status":"open","ping_status":"closed","template":"","meta":[],"product_cat":[15],"product_tag":[],"class_list":["post-162","product","type-product","status-publish","has-post-thumbnail","hentry","product_cat-canetas"],"featured_image_urls":{"full":["https:\/\/templates.loguei.com\/ecomm02d\/wp-content\/uploads\/2020\/03\/622f8c0b9bcd7f9eb67cb629e9ee8482.png",620,720,false],"thumbnail":["https:\/\/templates.loguei.com\/ecomm02d\/wp-content\/uploads\/2020\/03\/622f8c0b9bcd7f9eb67cb629e9ee8482-150x150.png",150,150,true],"medium":["https:\/\/templates.loguei.com\/ecomm02d\/wp-content\/uploads\/2020\/03\/622f8c0b9bcd7f9eb67cb629e9ee8482-258x300.png",258,300,true],"medium_large":["https:\/\/templates.loguei.com\/ecomm02d\/wp-content\/uploads\/2020\/03\/622f8c0b9bcd7f9eb67cb629e9ee8482.png",620,720,false],"large":["https:\/\/templates.loguei.com\/ecomm02d\/wp-content\/uploads\/2020\/03\/622f8c0b9bcd7f9eb67cb629e9ee8482.png",620,720,false],"1536x1536":["https:\/\/templates.loguei.com\/ecomm02d\/wp-content\/uploads\/2020\/03\/622f8c0b9bcd7f9eb67cb629e9ee8482.png",620,720,false],"2048x2048":["https:\/\/templates.loguei.com\/ecomm02d\/wp-content\/uploads\/2020\/03\/622f8c0b9bcd7f9eb67cb629e9ee8482.png",620,720,false],"woocommerce_thumbnail":["https:\/\/templates.loguei.com\/ecomm02d\/wp-content\/uploads\/2020\/03\/622f8c0b9bcd7f9eb67cb629e9ee8482-300x348.png",300,348,true],"woocommerce_single":["https:\/\/templates.loguei.com\/ecomm02d\/wp-content\/uploads\/2020\/03\/622f8c0b9bcd7f9eb67cb629e9ee8482-600x697.png",600,697,true],"woocommerce_gallery_thumbnail":["https:\/\/templates.loguei.com\/ecomm02d\/wp-content\/uploads\/2020\/03\/622f8c0b9bcd7f9eb67cb629e9ee8482-100x100.png",100,100,true]},"post_excerpt_stackable":"<p>Conte aqui tudo sobre o seu produto: Estilo, funcionalidade e qualidade em um \u00fanico lugar. Com capa resistente e p\u00e1ginas de alta gramatura, este item de papelaria \u00e9 ideal para organizar suas ideias e anota\u00e7\u00f5es de forma elegante.<\/p>\n<p>&nbsp;<\/p>\n<p><span style=\"font-weight: 400;\">\u00a0<\/span><\/p>\n","category_list":"","author_info":{"name":"","url":""},"comments_num":"1 coment\u00e1rio","_links":{"self":[{"href":"https:\/\/templates.loguei.com\/ecomm02d\/wp-json\/wp\/v2\/product\/162","targetHints":{"allow":["GET"]}}],"collection":[{"href":"https:\/\/templates.loguei.com\/ecomm02d\/wp-json\/wp\/v2\/product"}],"about":[{"href":"https:\/\/templates.loguei.com\/ecomm02d\/wp-json\/wp\/v2\/types\/product"}],"replies":[{"embeddable":true,"href":"https:\/\/templates.loguei.com\/ecomm02d\/wp-json\/wp\/v2\/comments?post=162"}],"wp:featuredmedia":[{"embeddable":true,"href":"https:\/\/templates.loguei.com\/ecomm02d\/wp-json\/wp\/v2\/media\/848"}],"wp:attachment":[{"href":"https:\/\/templates.loguei.com\/ecomm02d\/wp-json\/wp\/v2\/media?parent=162"}],"wp:term":[{"taxonomy":"product_cat","embeddable":true,"href":"https:\/\/templates.loguei.com\/ecomm02d\/wp-json\/wp\/v2\/product_cat?post=162"},{"taxonomy":"product_tag","embeddable":true,"href":"https:\/\/templates.loguei.com\/ecomm02d\/wp-json\/wp\/v2\/product_tag?post=162"}],"curies":[{"name":"wp","href":"https:\/\/api.w.org\/{rel}","templated":true}]}}