{"id":279,"date":"2020-03-18T15:35:09","date_gmt":"2020-03-18T15:35:09","guid":{"rendered":"https:\/\/demo.creativethemes.com\/blocksy\/modern-shop\/?post_type=product&#038;p=279"},"modified":"2023-09-01T18:58:55","modified_gmt":"2023-09-01T18:58:55","slug":"neque-laoreet-suspendisse-interdum-consectetur","status":"publish","type":"product","link":"https:\/\/templates.loguei.com\/ecomm02b\/produto\/neque-laoreet-suspendisse-interdum-consectetur\/","title":{"rendered":"Coleira para C\u00e3es Guido Pink"},"content":{"rendered":"<p>Conte aqui tudo sobre o seu produto. Neste espa\u00e7o, voc\u00ea tem total liberdade para incluir as informa\u00e7\u00f5es mais relevantes que estimular\u00e3o o interesse das pessoas em adquirir o produto: Temos desde ra\u00e7\u00f5es premium at\u00e9 brinquedos interativos, passando por acess\u00f3rios elegantes e cuidados de sa\u00fade, nossa variedade \u00e9 cuidadosamente selecionada para garantir que voc\u00ea encontre exatamente o que procura para manter seus pets felizes, saud\u00e1veis e mimados.<\/p>\n<p><span style=\"font-weight: 400;\">\u00a0<\/span><\/p>\n<p>&nbsp;<\/p>\n","protected":false},"excerpt":{"rendered":"<p>Conte aqui tudo sobre o seu produto: Este produto foi escolhido com esmero, levando em considera\u00e7\u00e3o a sa\u00fade, o conforto e a felicidade dos seus animais de estima\u00e7\u00e3o. Fornecemos produtos de alt\u00edssima qualidade para seus queridos pets.<\/p>\n","protected":false},"featured_media":777,"comment_status":"open","ping_status":"closed","template":"","meta":[],"product_cat":[15],"product_tag":[],"class_list":["post-279","product","type-product","status-publish","has-post-thumbnail","hentry","product_cat-coleiras"],"featured_image_urls":{"full":["https:\/\/templates.loguei.com\/ecomm02b\/wp-content\/uploads\/2020\/03\/1147e4a0b80b400d6aca45b7ee4d4df5.png",800,1067,false],"thumbnail":["https:\/\/templates.loguei.com\/ecomm02b\/wp-content\/uploads\/2020\/03\/1147e4a0b80b400d6aca45b7ee4d4df5-150x150.png",150,150,true],"medium":["https:\/\/templates.loguei.com\/ecomm02b\/wp-content\/uploads\/2020\/03\/1147e4a0b80b400d6aca45b7ee4d4df5-225x300.png",225,300,true],"medium_large":["https:\/\/templates.loguei.com\/ecomm02b\/wp-content\/uploads\/2020\/03\/1147e4a0b80b400d6aca45b7ee4d4df5-768x1024.png",768,1024,true],"large":["https:\/\/templates.loguei.com\/ecomm02b\/wp-content\/uploads\/2020\/03\/1147e4a0b80b400d6aca45b7ee4d4df5-768x1024.png",768,1024,true],"1536x1536":["https:\/\/templates.loguei.com\/ecomm02b\/wp-content\/uploads\/2020\/03\/1147e4a0b80b400d6aca45b7ee4d4df5.png",800,1067,false],"2048x2048":["https:\/\/templates.loguei.com\/ecomm02b\/wp-content\/uploads\/2020\/03\/1147e4a0b80b400d6aca45b7ee4d4df5.png",800,1067,false],"woocommerce_thumbnail":["https:\/\/templates.loguei.com\/ecomm02b\/wp-content\/uploads\/2020\/03\/1147e4a0b80b400d6aca45b7ee4d4df5-300x400.png",300,400,true],"woocommerce_single":["https:\/\/templates.loguei.com\/ecomm02b\/wp-content\/uploads\/2020\/03\/1147e4a0b80b400d6aca45b7ee4d4df5-600x800.png",600,800,true],"woocommerce_gallery_thumbnail":["https:\/\/templates.loguei.com\/ecomm02b\/wp-content\/uploads\/2020\/03\/1147e4a0b80b400d6aca45b7ee4d4df5-100x100.png",100,100,true]},"post_excerpt_stackable":"<p>Conte aqui tudo sobre o seu produto: Este produto foi escolhido com esmero, levando em considera\u00e7\u00e3o a sa\u00fade, o conforto e a felicidade dos seus animais de estima\u00e7\u00e3o. Fornecemos produtos de alt\u00edssima qualidade para seus queridos pets.<\/p>\n","category_list":"","author_info":{"name":"","url":""},"comments_num":"0 coment\u00e1rio","_links":{"self":[{"href":"https:\/\/templates.loguei.com\/ecomm02b\/wp-json\/wp\/v2\/product\/279","targetHints":{"allow":["GET"]}}],"collection":[{"href":"https:\/\/templates.loguei.com\/ecomm02b\/wp-json\/wp\/v2\/product"}],"about":[{"href":"https:\/\/templates.loguei.com\/ecomm02b\/wp-json\/wp\/v2\/types\/product"}],"replies":[{"embeddable":true,"href":"https:\/\/templates.loguei.com\/ecomm02b\/wp-json\/wp\/v2\/comments?post=279"}],"wp:featuredmedia":[{"embeddable":true,"href":"https:\/\/templates.loguei.com\/ecomm02b\/wp-json\/wp\/v2\/media\/777"}],"wp:attachment":[{"href":"https:\/\/templates.loguei.com\/ecomm02b\/wp-json\/wp\/v2\/media?parent=279"}],"wp:term":[{"taxonomy":"product_cat","embeddable":true,"href":"https:\/\/templates.loguei.com\/ecomm02b\/wp-json\/wp\/v2\/product_cat?post=279"},{"taxonomy":"product_tag","embeddable":true,"href":"https:\/\/templates.loguei.com\/ecomm02b\/wp-json\/wp\/v2\/product_tag?post=279"}],"curies":[{"name":"wp","href":"https:\/\/api.w.org\/{rel}","templated":true}]}}