{"id":157,"date":"2020-03-16T09:02:10","date_gmt":"2020-03-16T09:02:10","guid":{"rendered":"https:\/\/demo.creativethemes.com\/blocksy\/modern-shop\/?post_type=product&#038;p=157"},"modified":"2023-09-01T19:05:21","modified_gmt":"2023-09-01T19:05:21","slug":"ornare-arcudui-vivamus-arcu-felis-bibendum","status":"publish","type":"product","link":"https:\/\/templates.loguei.com\/ecomm02b\/produto\/ornare-arcudui-vivamus-arcu-felis-bibendum\/","title":{"rendered":"Ra\u00e7\u00e3o Seca para Gatos Filhotes Cat Food 3kg"},"content":{"rendered":"<p>Conte aqui tudo sobre o seu produto. Neste espa\u00e7o, voc\u00ea tem total liberdade para incluir as informa\u00e7\u00f5es mais relevantes que estimular\u00e3o o interesse das pessoas em adquirir o produto: Temos desde ra\u00e7\u00f5es premium at\u00e9 brinquedos interativos, passando por acess\u00f3rios elegantes e cuidados de sa\u00fade, nossa variedade \u00e9 cuidadosamente selecionada para garantir que voc\u00ea encontre exatamente o que procura para manter seus pets felizes, saud\u00e1veis e mimados.<\/p>\n<p>&nbsp;<\/p>\n<p><span style=\"font-weight: 400;\">\u00a0<\/span><\/p>\n<p>&nbsp;<\/p>\n","protected":false},"excerpt":{"rendered":"<p>Conte aqui tudo sobre o seu produto: Este produto foi escolhido com esmero, levando em considera\u00e7\u00e3o a sa\u00fade, o conforto e a felicidade dos seus animais de estima\u00e7\u00e3o. Fornecemos produtos de alt\u00edssima qualidade para seus queridos pets.<\/p>\n","protected":false},"featured_media":791,"comment_status":"open","ping_status":"closed","template":"","meta":[],"product_cat":[20],"product_tag":[],"class_list":["post-157","product","type-product","status-publish","has-post-thumbnail","hentry","product_cat-racoes"],"featured_image_urls":{"full":["https:\/\/templates.loguei.com\/ecomm02b\/wp-content\/uploads\/2020\/03\/08b666abd01d77747f51e7bc55c7e12b.png",800,1067,false],"thumbnail":["https:\/\/templates.loguei.com\/ecomm02b\/wp-content\/uploads\/2020\/03\/08b666abd01d77747f51e7bc55c7e12b-150x150.png",150,150,true],"medium":["https:\/\/templates.loguei.com\/ecomm02b\/wp-content\/uploads\/2020\/03\/08b666abd01d77747f51e7bc55c7e12b-225x300.png",225,300,true],"medium_large":["https:\/\/templates.loguei.com\/ecomm02b\/wp-content\/uploads\/2020\/03\/08b666abd01d77747f51e7bc55c7e12b-768x1024.png",768,1024,true],"large":["https:\/\/templates.loguei.com\/ecomm02b\/wp-content\/uploads\/2020\/03\/08b666abd01d77747f51e7bc55c7e12b-768x1024.png",768,1024,true],"1536x1536":["https:\/\/templates.loguei.com\/ecomm02b\/wp-content\/uploads\/2020\/03\/08b666abd01d77747f51e7bc55c7e12b.png",800,1067,false],"2048x2048":["https:\/\/templates.loguei.com\/ecomm02b\/wp-content\/uploads\/2020\/03\/08b666abd01d77747f51e7bc55c7e12b.png",800,1067,false],"woocommerce_thumbnail":["https:\/\/templates.loguei.com\/ecomm02b\/wp-content\/uploads\/2020\/03\/08b666abd01d77747f51e7bc55c7e12b-300x400.png",300,400,true],"woocommerce_single":["https:\/\/templates.loguei.com\/ecomm02b\/wp-content\/uploads\/2020\/03\/08b666abd01d77747f51e7bc55c7e12b-600x800.png",600,800,true],"woocommerce_gallery_thumbnail":["https:\/\/templates.loguei.com\/ecomm02b\/wp-content\/uploads\/2020\/03\/08b666abd01d77747f51e7bc55c7e12b-100x100.png",100,100,true]},"post_excerpt_stackable":"<p>Conte aqui tudo sobre o seu produto: Este produto foi escolhido com esmero, levando em considera\u00e7\u00e3o a sa\u00fade, o conforto e a felicidade dos seus animais de estima\u00e7\u00e3o. Fornecemos produtos de alt\u00edssima qualidade para seus queridos pets.<\/p>\n","category_list":"","author_info":{"name":"","url":""},"comments_num":"1 coment\u00e1rio","_links":{"self":[{"href":"https:\/\/templates.loguei.com\/ecomm02b\/wp-json\/wp\/v2\/product\/157","targetHints":{"allow":["GET"]}}],"collection":[{"href":"https:\/\/templates.loguei.com\/ecomm02b\/wp-json\/wp\/v2\/product"}],"about":[{"href":"https:\/\/templates.loguei.com\/ecomm02b\/wp-json\/wp\/v2\/types\/product"}],"replies":[{"embeddable":true,"href":"https:\/\/templates.loguei.com\/ecomm02b\/wp-json\/wp\/v2\/comments?post=157"}],"wp:featuredmedia":[{"embeddable":true,"href":"https:\/\/templates.loguei.com\/ecomm02b\/wp-json\/wp\/v2\/media\/791"}],"wp:attachment":[{"href":"https:\/\/templates.loguei.com\/ecomm02b\/wp-json\/wp\/v2\/media?parent=157"}],"wp:term":[{"taxonomy":"product_cat","embeddable":true,"href":"https:\/\/templates.loguei.com\/ecomm02b\/wp-json\/wp\/v2\/product_cat?post=157"},{"taxonomy":"product_tag","embeddable":true,"href":"https:\/\/templates.loguei.com\/ecomm02b\/wp-json\/wp\/v2\/product_tag?post=157"}],"curies":[{"name":"wp","href":"https:\/\/api.w.org\/{rel}","templated":true}]}}