{"id":159,"date":"2020-03-16T09:03:45","date_gmt":"2020-03-16T09:03:45","guid":{"rendered":"https:\/\/demo.creativethemes.com\/blocksy\/modern-shop\/?post_type=product&#038;p=159"},"modified":"2023-08-28T19:57:09","modified_gmt":"2023-08-28T19:57:09","slug":"vestibulum-sedarcu-nonodio-euismod","status":"publish","type":"product","link":"https:\/\/templates.loguei.com\/ecomm02\/produto\/vestibulum-sedarcu-nonodio-euismod\/","title":{"rendered":"Mochila masculina Montana"},"content":{"rendered":"<p>Conte aqui tudo sobre o seu produto. Neste espa\u00e7o, voc\u00ea tem total liberdade para incluir as informa\u00e7\u00f5es mais relevantes que estimular\u00e3o o interesse das pessoas em adquirir o produto: Projetada com aten\u00e7\u00e3o aos detalhes, desde os compartimentos internos at\u00e9 os acabamentos, nossa mochila oferece a combina\u00e7\u00e3o ideal de praticidade e eleg\u00e2ncia. Seja para os dias agitados na cidade ou para aventuras ao ar livre, nossa mochila \u00e9 o companheiro confi\u00e1vel que agrega um toque de sofistica\u00e7\u00e3o e conveni\u00eancia ao seu dia.<\/p>\n","protected":false},"excerpt":{"rendered":"<p>Conte aqui tudo sobre o seu produto: Descubra a perfeita uni\u00e3o entre estilo e funcionalidade com a nossa mochila. Criada para acompanhar o ritmo din\u00e2mico da vida moderna, esta mochila \u00e9 muito mais do que um acess\u00f3rio de transporte &#8211; \u00e9 um reflexo do seu estilo pessoal.<\/p>\n","protected":false},"featured_media":161,"comment_status":"open","ping_status":"closed","template":"","meta":[],"product_cat":[19],"product_tag":[],"class_list":{"0":"post-159","1":"product","2":"type-product","3":"status-publish","4":"has-post-thumbnail","6":"product_cat-travel","8":"first","9":"instock","10":"shipping-taxable","11":"purchasable","12":"product-type-simple"},"featured_image_urls":{"full":["https:\/\/templates.loguei.com\/ecomm02\/wp-content\/uploads\/2020\/03\/linus-rogge-SO-4BNfONaU-unsplash.jpg",800,1067,false],"thumbnail":["https:\/\/templates.loguei.com\/ecomm02\/wp-content\/uploads\/2020\/03\/linus-rogge-SO-4BNfONaU-unsplash-150x150.jpg",150,150,true],"medium":["https:\/\/templates.loguei.com\/ecomm02\/wp-content\/uploads\/2020\/03\/linus-rogge-SO-4BNfONaU-unsplash-225x300.jpg",225,300,true],"medium_large":["https:\/\/templates.loguei.com\/ecomm02\/wp-content\/uploads\/2020\/03\/linus-rogge-SO-4BNfONaU-unsplash-768x1024.jpg",768,1024,true],"large":["https:\/\/templates.loguei.com\/ecomm02\/wp-content\/uploads\/2020\/03\/linus-rogge-SO-4BNfONaU-unsplash-768x1024.jpg",768,1024,true],"1536x1536":["https:\/\/templates.loguei.com\/ecomm02\/wp-content\/uploads\/2020\/03\/linus-rogge-SO-4BNfONaU-unsplash.jpg",800,1067,false],"2048x2048":["https:\/\/templates.loguei.com\/ecomm02\/wp-content\/uploads\/2020\/03\/linus-rogge-SO-4BNfONaU-unsplash.jpg",800,1067,false],"woocommerce_archive_thumbnail":["https:\/\/templates.loguei.com\/ecomm02\/wp-content\/uploads\/2020\/03\/linus-rogge-SO-4BNfONaU-unsplash.jpg",300,400,false],"woocommerce_thumbnail":["https:\/\/templates.loguei.com\/ecomm02\/wp-content\/uploads\/2020\/03\/linus-rogge-SO-4BNfONaU-unsplash-300x400.jpg",300,400,true],"woocommerce_single":["https:\/\/templates.loguei.com\/ecomm02\/wp-content\/uploads\/2020\/03\/linus-rogge-SO-4BNfONaU-unsplash-600x800.jpg",600,800,true],"woocommerce_gallery_thumbnail":["https:\/\/templates.loguei.com\/ecomm02\/wp-content\/uploads\/2020\/03\/linus-rogge-SO-4BNfONaU-unsplash-100x100.jpg",100,100,true]},"post_excerpt_stackable":"<p>Conte aqui tudo sobre o seu produto: Descubra a perfeita uni\u00e3o entre estilo e funcionalidade com a nossa mochila. Criada para acompanhar o ritmo din\u00e2mico da vida moderna, esta mochila \u00e9 muito mais do que um acess\u00f3rio de transporte &#8211; \u00e9 um reflexo do seu estilo pessoal.<\/p>\n","category_list":"","author_info":{"name":"","url":""},"comments_num":"1 coment\u00e1rio","_links":{"self":[{"href":"https:\/\/templates.loguei.com\/ecomm02\/wp-json\/wp\/v2\/product\/159","targetHints":{"allow":["GET"]}}],"collection":[{"href":"https:\/\/templates.loguei.com\/ecomm02\/wp-json\/wp\/v2\/product"}],"about":[{"href":"https:\/\/templates.loguei.com\/ecomm02\/wp-json\/wp\/v2\/types\/product"}],"replies":[{"embeddable":true,"href":"https:\/\/templates.loguei.com\/ecomm02\/wp-json\/wp\/v2\/comments?post=159"}],"wp:featuredmedia":[{"embeddable":true,"href":"https:\/\/templates.loguei.com\/ecomm02\/wp-json\/wp\/v2\/media\/161"}],"wp:attachment":[{"href":"https:\/\/templates.loguei.com\/ecomm02\/wp-json\/wp\/v2\/media?parent=159"}],"wp:term":[{"taxonomy":"product_cat","embeddable":true,"href":"https:\/\/templates.loguei.com\/ecomm02\/wp-json\/wp\/v2\/product_cat?post=159"},{"taxonomy":"product_tag","embeddable":true,"href":"https:\/\/templates.loguei.com\/ecomm02\/wp-json\/wp\/v2\/product_tag?post=159"}],"curies":[{"name":"wp","href":"https:\/\/api.w.org\/{rel}","templated":true}]}}