{"id":525,"date":"2021-12-23T22:39:55","date_gmt":"2021-12-23T22:39:55","guid":{"rendered":"https:\/\/demo.creativethemes.com\/blocksy\/garderobe\/?post_type=product&#038;p=525"},"modified":"2023-08-30T16:56:50","modified_gmt":"2023-08-30T19:56:50","slug":"retro-sunglasses","status":"publish","type":"product","link":"https:\/\/templates.loguei.com\/ecomm01c\/produto\/retro-sunglasses\/","title":{"rendered":"Kit Suplemento Cross Nutrition"},"content":{"rendered":"<p><span style=\"font-weight: 400;\">Conte aqui tudo sobre o seu produto. Neste espa\u00e7o, voc\u00ea tem total liberdade para incluir as informa\u00e7\u00f5es mais relevantes que estimular\u00e3o o interesse das pessoas em adquirir o produto: Eleve seus treinos e conquiste seus objetivos de sa\u00fade com o suplemento alimentar premium projetado para impulsionar seu desempenho f\u00edsico e maximizar seus resultados. Este suplemento de alta qualidade \u00e9 a escolha definitiva para quem busca uma fonte poderosa de prote\u00ednas e nutrientes essenciais para o crescimento muscular e a recupera\u00e7\u00e3o ideal.<\/span><\/p>\n<p>&nbsp;<\/p>\n","protected":false},"excerpt":{"rendered":"<p><span style=\"font-weight: 400;\">Conte aqui tudo sobre o seu produto: Revitalize seu regime de treinamento e experimente a diferen\u00e7a em seu desempenho, recupera\u00e7\u00e3o e resultados gerais. Eleve sua jornada fitness com um suplemento que oferece qualidade inigual\u00e1vel e resultados vis\u00edveis.<\/span><\/p>\n","protected":false},"featured_media":908,"comment_status":"open","ping_status":"closed","template":"","meta":[],"product_cat":[19],"product_tag":[],"class_list":["post-525","product","type-product","status-publish","has-post-thumbnail","hentry","product_cat-suplementos-diversos"],"featured_image_urls":{"full":["https:\/\/templates.loguei.com\/ecomm01c\/wp-content\/uploads\/2021\/12\/3d75b44b1285c36e360dc7e2f5796418.png",620,720,false],"thumbnail":["https:\/\/templates.loguei.com\/ecomm01c\/wp-content\/uploads\/2021\/12\/3d75b44b1285c36e360dc7e2f5796418-150x150.png",150,150,true],"medium":["https:\/\/templates.loguei.com\/ecomm01c\/wp-content\/uploads\/2021\/12\/3d75b44b1285c36e360dc7e2f5796418-258x300.png",258,300,true],"medium_large":["https:\/\/templates.loguei.com\/ecomm01c\/wp-content\/uploads\/2021\/12\/3d75b44b1285c36e360dc7e2f5796418.png",620,720,false],"large":["https:\/\/templates.loguei.com\/ecomm01c\/wp-content\/uploads\/2021\/12\/3d75b44b1285c36e360dc7e2f5796418.png",620,720,false],"1536x1536":["https:\/\/templates.loguei.com\/ecomm01c\/wp-content\/uploads\/2021\/12\/3d75b44b1285c36e360dc7e2f5796418.png",620,720,false],"2048x2048":["https:\/\/templates.loguei.com\/ecomm01c\/wp-content\/uploads\/2021\/12\/3d75b44b1285c36e360dc7e2f5796418.png",620,720,false],"woocommerce_thumbnail":["https:\/\/templates.loguei.com\/ecomm01c\/wp-content\/uploads\/2021\/12\/3d75b44b1285c36e360dc7e2f5796418-300x348.png",300,348,true],"woocommerce_single":["https:\/\/templates.loguei.com\/ecomm01c\/wp-content\/uploads\/2021\/12\/3d75b44b1285c36e360dc7e2f5796418-600x697.png",600,697,true],"woocommerce_gallery_thumbnail":["https:\/\/templates.loguei.com\/ecomm01c\/wp-content\/uploads\/2021\/12\/3d75b44b1285c36e360dc7e2f5796418-100x100.png",100,100,true]},"post_excerpt_stackable":"<p><span style=\"font-weight: 400;\">Conte aqui tudo sobre o seu produto: Revitalize seu regime de treinamento e experimente a diferen\u00e7a em seu desempenho, recupera\u00e7\u00e3o e resultados gerais. Eleve sua jornada fitness com um suplemento que oferece qualidade inigual\u00e1vel e resultados vis\u00edveis.<\/span><\/p>\n","category_list":"","author_info":{"name":"","url":""},"comments_num":"0 coment\u00e1rio","_links":{"self":[{"href":"https:\/\/templates.loguei.com\/ecomm01c\/wp-json\/wp\/v2\/product\/525","targetHints":{"allow":["GET"]}}],"collection":[{"href":"https:\/\/templates.loguei.com\/ecomm01c\/wp-json\/wp\/v2\/product"}],"about":[{"href":"https:\/\/templates.loguei.com\/ecomm01c\/wp-json\/wp\/v2\/types\/product"}],"replies":[{"embeddable":true,"href":"https:\/\/templates.loguei.com\/ecomm01c\/wp-json\/wp\/v2\/comments?post=525"}],"wp:featuredmedia":[{"embeddable":true,"href":"https:\/\/templates.loguei.com\/ecomm01c\/wp-json\/wp\/v2\/media\/908"}],"wp:attachment":[{"href":"https:\/\/templates.loguei.com\/ecomm01c\/wp-json\/wp\/v2\/media?parent=525"}],"wp:term":[{"taxonomy":"product_cat","embeddable":true,"href":"https:\/\/templates.loguei.com\/ecomm01c\/wp-json\/wp\/v2\/product_cat?post=525"},{"taxonomy":"product_tag","embeddable":true,"href":"https:\/\/templates.loguei.com\/ecomm01c\/wp-json\/wp\/v2\/product_tag?post=525"}],"curies":[{"name":"wp","href":"https:\/\/api.w.org\/{rel}","templated":true}]}}