{"id":523,"date":"2021-12-23T22:37:43","date_gmt":"2021-12-23T22:37:43","guid":{"rendered":"https:\/\/demo.creativethemes.com\/blocksy\/garderobe\/?post_type=product&#038;p=523"},"modified":"2026-03-19T02:44:55","modified_gmt":"2026-03-19T05:44:55","slug":"color-sneakers","status":"publish","type":"product","link":"https:\/\/templates.loguei.com\/ecomm01c\/produto\/color-sneakers\/","title":{"rendered":"Marine Collagen 300g"},"content":{"rendered":"<p><span style=\"font-weight: 400;\">Conte aqui tudo sobre o seu produto. Neste espa\u00e7o, voc\u00ea tem total liberdade para incluir as informa\u00e7\u00f5es mais relevantes que estimular\u00e3o o interesse das pessoas em adquirir o produto: Eleve seus treinos e conquiste seus objetivos de sa\u00fade com o suplemento alimentar premium projetado para impulsionar seu desempenho f\u00edsico e maximizar seus resultados. Este suplemento de alta qualidade \u00e9 a escolha definitiva para quem busca uma fonte poderosa de prote\u00ednas e nutrientes essenciais para o crescimento muscular e a recupera\u00e7\u00e3o ideal.<\/span><\/p>\n","protected":false},"excerpt":{"rendered":"<p><span style=\"font-weight: 400;\">Conte aqui tudo sobre o seu produto: Revitalize seu regime de treinamento e experimente a diferen\u00e7a em seu desempenho, recupera\u00e7\u00e3o e resultados gerais. Eleve sua jornada fitness com um suplemento que oferece qualidade inigual\u00e1vel e resultados vis\u00edveis.<\/span><\/p>\n<p><span style=\"font-weight: 400;\">*Imagem meramente ilustrativa.<\/span><\/p>\n","protected":false},"featured_media":906,"comment_status":"open","ping_status":"closed","template":"","meta":[],"product_cat":[21],"product_tag":[],"class_list":["post-523","product","type-product","status-publish","has-post-thumbnail","hentry","product_cat-pre-treinos"],"featured_image_urls":{"full":["https:\/\/templates.loguei.com\/ecomm01c\/wp-content\/uploads\/2021\/12\/b7cbc9816d66130d5f7799fe9fb6abad.png",620,720,false],"thumbnail":["https:\/\/templates.loguei.com\/ecomm01c\/wp-content\/uploads\/2021\/12\/b7cbc9816d66130d5f7799fe9fb6abad-150x150.png",150,150,true],"medium":["https:\/\/templates.loguei.com\/ecomm01c\/wp-content\/uploads\/2021\/12\/b7cbc9816d66130d5f7799fe9fb6abad-258x300.png",258,300,true],"medium_large":["https:\/\/templates.loguei.com\/ecomm01c\/wp-content\/uploads\/2021\/12\/b7cbc9816d66130d5f7799fe9fb6abad.png",620,720,false],"large":["https:\/\/templates.loguei.com\/ecomm01c\/wp-content\/uploads\/2021\/12\/b7cbc9816d66130d5f7799fe9fb6abad.png",620,720,false],"1536x1536":["https:\/\/templates.loguei.com\/ecomm01c\/wp-content\/uploads\/2021\/12\/b7cbc9816d66130d5f7799fe9fb6abad.png",620,720,false],"2048x2048":["https:\/\/templates.loguei.com\/ecomm01c\/wp-content\/uploads\/2021\/12\/b7cbc9816d66130d5f7799fe9fb6abad.png",620,720,false],"woocommerce_thumbnail":["https:\/\/templates.loguei.com\/ecomm01c\/wp-content\/uploads\/2021\/12\/b7cbc9816d66130d5f7799fe9fb6abad-300x348.png",300,348,true],"woocommerce_single":["https:\/\/templates.loguei.com\/ecomm01c\/wp-content\/uploads\/2021\/12\/b7cbc9816d66130d5f7799fe9fb6abad-600x697.png",600,697,true],"woocommerce_gallery_thumbnail":["https:\/\/templates.loguei.com\/ecomm01c\/wp-content\/uploads\/2021\/12\/b7cbc9816d66130d5f7799fe9fb6abad-100x100.png",100,100,true]},"post_excerpt_stackable":"<p><span style=\"font-weight: 400;\">Conte aqui tudo sobre o seu produto: Revitalize seu regime de treinamento e experimente a diferen\u00e7a em seu desempenho, recupera\u00e7\u00e3o e resultados gerais. Eleve sua jornada fitness com um suplemento que oferece qualidade inigual\u00e1vel e resultados vis\u00edveis.<\/span><\/p>\n<p><span style=\"font-weight: 400;\">*Imagem meramente ilustrativa.<\/span><\/p>\n","category_list":"","author_info":{"name":"","url":""},"comments_num":"2 coment\u00e1rios","_links":{"self":[{"href":"https:\/\/templates.loguei.com\/ecomm01c\/wp-json\/wp\/v2\/product\/523","targetHints":{"allow":["GET"]}}],"collection":[{"href":"https:\/\/templates.loguei.com\/ecomm01c\/wp-json\/wp\/v2\/product"}],"about":[{"href":"https:\/\/templates.loguei.com\/ecomm01c\/wp-json\/wp\/v2\/types\/product"}],"replies":[{"embeddable":true,"href":"https:\/\/templates.loguei.com\/ecomm01c\/wp-json\/wp\/v2\/comments?post=523"}],"wp:featuredmedia":[{"embeddable":true,"href":"https:\/\/templates.loguei.com\/ecomm01c\/wp-json\/wp\/v2\/media\/906"}],"wp:attachment":[{"href":"https:\/\/templates.loguei.com\/ecomm01c\/wp-json\/wp\/v2\/media?parent=523"}],"wp:term":[{"taxonomy":"product_cat","embeddable":true,"href":"https:\/\/templates.loguei.com\/ecomm01c\/wp-json\/wp\/v2\/product_cat?post=523"},{"taxonomy":"product_tag","embeddable":true,"href":"https:\/\/templates.loguei.com\/ecomm01c\/wp-json\/wp\/v2\/product_tag?post=523"}],"curies":[{"name":"wp","href":"https:\/\/api.w.org\/{rel}","templated":true}]}}