{"id":88,"date":"2021-12-15T13:34:14","date_gmt":"2021-12-15T13:34:14","guid":{"rendered":"https:\/\/demo.creativethemes.com\/blocksy\/garderobe\/?post_type=product&#038;p=88"},"modified":"2025-05-23T12:59:37","modified_gmt":"2025-05-23T15:59:37","slug":"elegant-bag","status":"publish","type":"product","link":"https:\/\/templates.loguei.com\/ecomm01\/produto\/elegant-bag\/","title":{"rendered":"Elegant Bag"},"content":{"rendered":"<p>Fale mais sobre o seu produto: Complete o seu look com a nossa bolsa feminina, um acess\u00f3rio que combina praticidade e estilo de maneira perfeita. Projetada para atender \u00e0s demandas do dia a dia sem comprometer a eleg\u00e2ncia, esta bolsa \u00e9 mais do que um simples acess\u00f3rio &#8211; \u00e9 um reflexo do seu estilo pessoal. Com detalhes cuidadosamente escolhidos, desde o design at\u00e9 os materiais de alta qualidade, nossa bolsa \u00e9 uma declara\u00e7\u00e3o de moda que oferece funcionalidade e beleza em cada detalhe.<\/p>\n<p>&nbsp;<\/p>\n","protected":false},"excerpt":{"rendered":"<p>Fale sobre o seu produto: Seja para o trabalho, um passeio ou uma ocasi\u00e3o especial, nossa bolsa feminina \u00e9 o complemento perfeito para acompanhar voc\u00ea em todos os momentos, adicionando um toque de sofistica\u00e7\u00e3o e personalidade ao seu visual.<\/p>\n","protected":false},"featured_media":821,"comment_status":"open","ping_status":"closed","template":"","meta":[],"product_cat":[20],"product_tag":[],"class_list":["post-88","product","type-product","status-publish","has-post-thumbnail","hentry","product_cat-casacos-e-jaquetas"],"featured_image_urls":{"full":["https:\/\/templates.loguei.com\/ecomm01\/wp-content\/uploads\/2021\/12\/produto8888-1.png",620,720,false],"thumbnail":["https:\/\/templates.loguei.com\/ecomm01\/wp-content\/uploads\/2021\/12\/produto8888-1-150x150.png",150,150,true],"medium":["https:\/\/templates.loguei.com\/ecomm01\/wp-content\/uploads\/2021\/12\/produto8888-1-258x300.png",258,300,true],"medium_large":["https:\/\/templates.loguei.com\/ecomm01\/wp-content\/uploads\/2021\/12\/produto8888-1.png",620,720,false],"large":["https:\/\/templates.loguei.com\/ecomm01\/wp-content\/uploads\/2021\/12\/produto8888-1.png",620,720,false],"1536x1536":["https:\/\/templates.loguei.com\/ecomm01\/wp-content\/uploads\/2021\/12\/produto8888-1.png",620,720,false],"2048x2048":["https:\/\/templates.loguei.com\/ecomm01\/wp-content\/uploads\/2021\/12\/produto8888-1.png",620,720,false],"woocommerce_thumbnail":["https:\/\/templates.loguei.com\/ecomm01\/wp-content\/uploads\/2021\/12\/produto8888-1-300x348.png",300,348,true],"woocommerce_single":["https:\/\/templates.loguei.com\/ecomm01\/wp-content\/uploads\/2021\/12\/produto8888-1-600x697.png",600,697,true],"woocommerce_gallery_thumbnail":["https:\/\/templates.loguei.com\/ecomm01\/wp-content\/uploads\/2021\/12\/produto8888-1-100x100.png",100,100,true]},"post_excerpt_stackable":"<p>Fale sobre o seu produto: Seja para o trabalho, um passeio ou uma ocasi\u00e3o especial, nossa bolsa feminina \u00e9 o complemento perfeito para acompanhar voc\u00ea em todos os momentos, adicionando um toque de sofistica\u00e7\u00e3o e personalidade ao seu visual.<\/p>\n","category_list":"","author_info":{"name":"","url":""},"comments_num":"0 coment\u00e1rio","_links":{"self":[{"href":"https:\/\/templates.loguei.com\/ecomm01\/wp-json\/wp\/v2\/product\/88","targetHints":{"allow":["GET"]}}],"collection":[{"href":"https:\/\/templates.loguei.com\/ecomm01\/wp-json\/wp\/v2\/product"}],"about":[{"href":"https:\/\/templates.loguei.com\/ecomm01\/wp-json\/wp\/v2\/types\/product"}],"replies":[{"embeddable":true,"href":"https:\/\/templates.loguei.com\/ecomm01\/wp-json\/wp\/v2\/comments?post=88"}],"wp:featuredmedia":[{"embeddable":true,"href":"https:\/\/templates.loguei.com\/ecomm01\/wp-json\/wp\/v2\/media\/821"}],"wp:attachment":[{"href":"https:\/\/templates.loguei.com\/ecomm01\/wp-json\/wp\/v2\/media?parent=88"}],"wp:term":[{"taxonomy":"product_cat","embeddable":true,"href":"https:\/\/templates.loguei.com\/ecomm01\/wp-json\/wp\/v2\/product_cat?post=88"},{"taxonomy":"product_tag","embeddable":true,"href":"https:\/\/templates.loguei.com\/ecomm01\/wp-json\/wp\/v2\/product_tag?post=88"}],"curies":[{"name":"wp","href":"https:\/\/api.w.org\/{rel}","templated":true}]}}