{"id":203,"date":"2021-12-17T16:46:02","date_gmt":"2021-12-17T16:46:02","guid":{"rendered":"https:\/\/demo.creativethemes.com\/blocksy\/garderobe\/?page_id=203"},"modified":"2023-08-28T11:22:13","modified_gmt":"2023-08-28T14:22:13","slug":"sobre-nos","status":"publish","type":"page","link":"https:\/\/templates.loguei.com\/ecomm01\/sobre-nos\/","title":{"rendered":"Sobre n\u00f3s"},"content":{"rendered":"\n<div class=\"wp-block-stackable-columns stk-block-columns stk-block stk-b2ae33e stk-block-background stk--has-background-overlay\" data-block-id=\"b2ae33e\"><style>.stk-b2ae33e{background-color:var(--paletteColor4,#131117) !important;background-image:url(https:\/\/templates.loguei.com\/ecomm01\/wp-content\/uploads\/2021\/12\/shop-sale-cta-background.svg) !important;background-position:bottom right !important;background-repeat:no-repeat !important;background-size:auto !important;padding-top:0px !important;padding-right:40px !important;padding-bottom:40px !important;padding-left:40px !important;margin-top:150px !important;margin-bottom:0px !important;overflow:visible !important}.stk-b2ae33e:before{background-color:var(--paletteColor4,#131117) !important;opacity:0.9 !important}.stk-b2ae33e .stk-container{overflow:visible !important}.stk-b2ae33e-column{--stk-column-gap:70px !important;row-gap:50px !important}@media screen and (max-width:767px){.stk-b2ae33e{padding-top:0px !important;padding-right:30px !important;padding-bottom:40px !important;padding-left:30px !important}}<\/style><div class=\"stk-row stk-inner-blocks stk-block-content stk-content-align stk-b2ae33e-column\">\n<div class=\"wp-block-stackable-column stk-block-column stk-column stk-block stk-2c7ce1b\" data-v=\"4\" data-block-id=\"2c7ce1b\"><style>.stk-2c7ce1b-container{margin-top:0px !important;margin-right:0px !important;margin-bottom:0px !important;margin-left:0px !important}@media screen and (min-width:768px){.stk-2c7ce1b{flex:1 1 calc(43% - var(--stk-column-gap,0px) * 1 \/ 2 ) !important}}@media screen and (min-width:768px) and (max-width:1023px){.stk-2c7ce1b{flex:0 1 calc(100% - var(--stk-column-gap,0px) * 0 \/ 1 ) !important}}<\/style><div class=\"stk-column-wrapper stk-block-column__content stk-container stk-2c7ce1b-container stk--no-background stk--no-padding\"><div class=\"stk-block-content stk-inner-blocks stk-2c7ce1b-inner-blocks\">\n<div class=\"wp-block-stackable-image stk-block-image stk-block stk-2ef1bf9\" data-block-id=\"2ef1bf9\"><style>.stk-2ef1bf9{margin-top:-100px !important}@media screen and (max-width:1023px){.stk-2ef1bf9 .stk-img-wrapper{height:500px !important}}<\/style><figure class=\"stk-img-wrapper stk-image--shape-stretch\"><img loading=\"lazy\" decoding=\"async\" class=\"stk-img wp-image-776\" src=\"https:\/\/templates.loguei.com\/ecomm01\/wp-content\/uploads\/2023\/08\/sobre1.png\" width=\"519\" height=\"481\" srcset=\"https:\/\/templates.loguei.com\/ecomm01\/wp-content\/uploads\/2023\/08\/sobre1.png 519w, https:\/\/templates.loguei.com\/ecomm01\/wp-content\/uploads\/2023\/08\/sobre1-300x278.png 300w\" sizes=\"auto, (max-width: 519px) 100vw, 519px\" \/><\/figure><\/div>\n<\/div><\/div><\/div>\n\n\n\n<div class=\"wp-block-stackable-column stk-block-column stk-column stk-block stk-a715aa5\" data-v=\"4\" data-block-id=\"a715aa5\"><style>.stk-a715aa5-container{margin-top:0px !important;margin-right:0px !important;margin-bottom:0px !important;margin-left:0px !important}.stk-a715aa5{padding-top:90px !important}@media screen and (min-width:768px){.stk-a715aa5{flex:1 1 calc(57% - var(--stk-column-gap,0px) * 1 \/ 2 ) !important}}@media screen and (min-width:768px) and (max-width:1023px){.stk-a715aa5{flex:0 1 calc(100% - var(--stk-column-gap,0px) * 0 \/ 1 ) !important}}@media screen and (max-width:1023px){.stk-a715aa5{padding-top:0px !important}}<\/style><div class=\"stk-column-wrapper stk-block-column__content stk-container stk-a715aa5-container stk--no-background stk--no-padding\"><div class=\"stk-block-content stk-inner-blocks stk-a715aa5-inner-blocks\">\n<div class=\"wp-block-stackable-text stk-block-text stk-block stk-721b0ac\" data-block-id=\"721b0ac\"><p class=\"stk-block-text__text has-palette-color-8-color\">Somos apaixonados por moda e por inspirar a confian\u00e7a e a autenticidade de cada mulher.<\/p><\/div>\n\n\n\n<div class=\"wp-block-stackable-text stk-block-text stk-block stk-f10e91c\" data-block-id=\"f10e91c\"><style>.stk-f10e91c .stk-block-text__text{color:var(--paletteColor8,#ffffff) !important}<\/style><p class=\"stk-block-text__text has-text-color\">Na nossa loja, acreditamos que a moda vai al\u00e9m das tend\u00eancias, \u00e9 uma express\u00e3o \u00fanica de quem voc\u00ea \u00e9. Com uma sele\u00e7\u00e3o de pe\u00e7as modernas, atemporais e elegantes, oferecemos um espa\u00e7o onde cada cliente pode encontrar algo que ressoa com sua personalidade e estilo pessoal.<\/p><\/div>\n<\/div><\/div><\/div>\n<\/div><\/div>\n\n\n\n<div class=\"wp-block-stackable-spacer stk-block-spacer stk--no-padding stk-block stk-aed6e82\" data-block-id=\"aed6e82\"><style>.stk-aed6e82{height:130px !important}@media screen and (max-width:1023px){.stk-aed6e82{height:80px !important}}<\/style><\/div>\n\n\n\n<div class=\"wp-block-stackable-columns alignfull stk-block-columns stk-block stk-238a9bc stk-block-background\" data-block-id=\"238a9bc\"><style>.stk-238a9bc{background-color:#f7f6f5 !important;padding-top:0px !important;padding-right:0px !important;padding-bottom:0px !important;padding-left:0px !important;margin-bottom:0px !important}.stk-238a9bc:before{background-color:#f7f6f5 !important}.stk-238a9bc-column{--stk-column-gap:50px !important;row-gap:50px !important}<\/style><div class=\"stk-row stk-inner-blocks stk-block-content stk-content-align stk-238a9bc-column\">\n<div class=\"wp-block-stackable-column stk-block-column stk-column stk-block stk-63a0c3e\" data-v=\"4\" data-block-id=\"63a0c3e\"><style>.stk-63a0c3e-container{margin-top:0px !important;margin-right:0px !important;margin-bottom:0px !important;margin-left:0px !important}.stk-63a0c3e{align-self:center !important}@media screen and (min-width:768px){.stk-63a0c3e{flex:1 1 calc(40% - var(--stk-column-gap,0px) * 1 \/ 2 ) !important}}@media screen and (min-width:768px) and (max-width:1023px){.stk-63a0c3e{flex:0 1 calc(100% - var(--stk-column-gap,0px) * 0 \/ 1 ) !important}}@media screen and (max-width:1023px){.stk-63a0c3e{padding-top:80px !important;padding-right:30px !important;padding-bottom:0px !important;padding-left:30px !important}}<\/style><div class=\"stk-column-wrapper stk-block-column__content stk-container stk-63a0c3e-container stk--no-background stk--no-padding\"><div class=\"stk-block-content stk-inner-blocks stk-63a0c3e-inner-blocks\">\n<div class=\"wp-block-stackable-heading stk-block-heading stk-block-heading--v2 stk-block stk-808eb2a\" id=\"seja-bem-vinda-a-nossa-comunidade-de-moda\" data-block-id=\"808eb2a\"><style>.stk-808eb2a{margin-bottom:30px !important}.stk-808eb2a .stk-block-heading__text{font-size:40px !important}@media screen and (max-width:1023px){.stk-808eb2a{margin-bottom:25px !important}.stk-808eb2a .stk-block-heading__text{font-size:30px !important}}<\/style><h2 class=\"stk-block-heading__text has-text-align-center-tablet\">Seja bem-vinda \u00e0 nossa comunidade de moda.<\/h2><\/div>\n\n\n\n<div class=\"wp-block-stackable-text stk-block-text stk-block stk-7c72239\" data-block-id=\"7c72239\"><p class=\"stk-block-text__text has-text-align-center-tablet\">Nosso compromisso vai al\u00e9m das roupas &#8211; buscamos criar uma experi\u00eancia de compra que celebra a individualidade, onde cada mulher se sente empoderada ao se vestir exatamente como deseja.<\/p><\/div>\n<\/div><\/div><\/div>\n\n\n\n<div class=\"wp-block-stackable-column stk-block-column stk-column stk-block stk-abfc6ec\" data-v=\"4\" data-block-id=\"abfc6ec\"><style>.stk-abfc6ec-container{margin-top:0px !important;margin-right:0px !important;margin-bottom:0px !important;margin-left:0px !important}@media screen and (min-width:768px){.stk-abfc6ec{flex:1 1 calc(60% - var(--stk-column-gap,0px) * 1 \/ 2 ) !important}}@media screen and (min-width:768px) and (max-width:1023px){.stk-abfc6ec{flex:0 1 calc(100% - var(--stk-column-gap,0px) * 0 \/ 1 ) !important}}<\/style><div class=\"stk-column-wrapper stk-block-column__content stk-container stk-abfc6ec-container stk--no-background stk--no-padding\"><div class=\"stk-block-content stk-inner-blocks stk-abfc6ec-inner-blocks\">\n<div class=\"wp-block-stackable-image stk-block-image stk-block stk-171cc07\" data-block-id=\"171cc07\"><style>@media screen and (max-width:1023px){.stk-171cc07 .stk-img-wrapper{width:60% !important}}<\/style><figure class=\"stk-img-wrapper stk-image--shape-stretch\"><img loading=\"lazy\" decoding=\"async\" class=\"stk-img wp-image-778\" src=\"https:\/\/templates.loguei.com\/ecomm01\/wp-content\/uploads\/2023\/08\/home21.png\" width=\"1530\" height=\"1200\" srcset=\"https:\/\/templates.loguei.com\/ecomm01\/wp-content\/uploads\/2023\/08\/home21.png 1530w, https:\/\/templates.loguei.com\/ecomm01\/wp-content\/uploads\/2023\/08\/home21-300x235.png 300w, https:\/\/templates.loguei.com\/ecomm01\/wp-content\/uploads\/2023\/08\/home21-1024x803.png 1024w, https:\/\/templates.loguei.com\/ecomm01\/wp-content\/uploads\/2023\/08\/home21-768x602.png 768w, https:\/\/templates.loguei.com\/ecomm01\/wp-content\/uploads\/2023\/08\/home21-600x471.png 600w\" sizes=\"auto, (max-width: 1530px) 100vw, 1530px\" \/><\/figure><\/div>\n<\/div><\/div><\/div>\n<\/div><\/div>\n","protected":false},"excerpt":{"rendered":"<p>Somos apaixonados por moda e por inspirar a confian\u00e7a e a autenticidade de cada mulher. Na nossa loja, acreditamos que a moda vai al\u00e9m das tend\u00eancias, \u00e9 uma express\u00e3o \u00fanica de quem voc\u00ea \u00e9. Com uma sele\u00e7\u00e3o de pe\u00e7as modernas, atemporais e elegantes, oferecemos um espa\u00e7o onde cada cliente pode encontrar algo que ressoa com [&hellip;]<\/p>\n","protected":false},"author":1,"featured_media":0,"parent":0,"menu_order":0,"comment_status":"closed","ping_status":"closed","template":"","meta":{"footnotes":""},"class_list":["post-203","page","type-page","status-publish","hentry"],"blocksy_meta":{"page_title_panel":"","has_hero_section":"default","cae18c3de7bedc5b6f53f33572e01345":"","hero_section":"type-1","hero_elements":[{"id":"custom_title","enabled":true,"heading_tag":"h1","title":"Home"},{"id":"custom_description","enabled":true,"description_visibility":{"desktop":true,"tablet":true,"mobile":false}},{"id":"custom_meta","enabled":false,"meta_elements":[{"id":"author","enabled":true,"label":"By","has_author_avatar":"yes","avatar_size":25},{"id":"post_date","enabled":true,"label":"On","date_format_source":"default","date_format":"M j, Y"},{"id":"updated_date","enabled":false,"label":"On","date_format_source":"default","date_format":"M j, Y"},{"id":"categories","enabled":false,"label":"In","style":"simple"},{"id":"comments","enabled":true}],"page_meta_elements":{"joined":true,"articles_count":true,"comments":true}},{"id":"breadcrumbs","enabled":false}],"36e4f14ca74f76b48dbacffcd0ea6f6d":"","hero_alignment1":"CT_CSS_SKIP_RULE","hero_margin":40,"hero_alignment2":"center","hero_vertical_alignment":"center","824d71bcf27c0666174c1f297f46a76c":"","hero_structure":"narrow","25a426c6e3c98f1883c681c2edab9ce7":"","page_title_bg_type":"featured_image","custom_hero_background":{"attachment_id":null},"parallax":{"desktop":false,"tablet":false,"mobile":false},"76980b1f4241e0ba1115be40644c3e4a":"","hero_height":"250px","pageTitleFont":{"family":"Default","variation":"Default","size":"30px","line-height":"CT_CSS_SKIP_RULE","letter-spacing":"CT_CSS_SKIP_RULE","text-transform":"CT_CSS_SKIP_RULE","text-decoration":"CT_CSS_SKIP_RULE"},"pageTitleFontColor":{"default":{"color":"CT_CSS_SKIP_RULEDEFAULT"}},"pageMetaFont":{"family":"Default","variation":"n6","size":"12px","line-height":"1.3","letter-spacing":"CT_CSS_SKIP_RULE","text-transform":"uppercase","text-decoration":"CT_CSS_SKIP_RULE"},"pageMetaFontColor":{"default":{"color":"CT_CSS_SKIP_RULEDEFAULT"},"hover":{"color":"CT_CSS_SKIP_RULEDEFAULT"}},"page_meta_button_type_font_colors":{"default":{"color":"CT_CSS_SKIP_RULEDEFAULT"},"hover":{"color":"CT_CSS_SKIP_RULEDEFAULT"}},"page_meta_button_type_background_colors":{"default":{"color":"CT_CSS_SKIP_RULEDEFAULT"},"hover":{"color":"CT_CSS_SKIP_RULEDEFAULT"}},"pageExcerptFont":{"family":"Default","variation":"Default","size":"CT_CSS_SKIP_RULE","line-height":"CT_CSS_SKIP_RULE","letter-spacing":"CT_CSS_SKIP_RULE","text-transform":"CT_CSS_SKIP_RULE","text-decoration":"CT_CSS_SKIP_RULE"},"pageExcerptColor":{"default":{"color":"CT_CSS_SKIP_RULEDEFAULT"}},"breadcrumbsFont":{"family":"Default","variation":"Default","size":"CT_CSS_SKIP_RULE","line-height":"CT_CSS_SKIP_RULE","letter-spacing":"CT_CSS_SKIP_RULE","text-transform":"CT_CSS_SKIP_RULE","text-decoration":"CT_CSS_SKIP_RULE"},"breadcrumbsFontColor":{"default":{"color":"CT_CSS_SKIP_RULEDEFAULT"},"initial":{"color":"CT_CSS_SKIP_RULEDEFAULT"},"hover":{"color":"CT_CSS_SKIP_RULEDEFAULT"}},"pageTitleOverlay":{"background_type":"color","background_pattern":"type-1","background_image":{"attachment_id":null,"x":0,"y":0},"gradient":"linear-gradient(135deg,rgba(6,147,227,1) 0%,rgb(155,81,224) 100%)","background_repeat":"repeat","background_size":"auto","background_attachment":"scroll","patternColor":{"default":{"color":"#e5e7ea"}},"overlayColor":{"default":{"color":"CT_CSS_SKIP_RULE"}},"backgroundColor":{"default":{"color":"CT_CSS_SKIP_RULE"}}},"pageTitleBackground":{"background_type":"color","background_pattern":"type-1","background_image":{"attachment_id":null,"x":0,"y":0},"gradient":"linear-gradient(135deg,rgba(6,147,227,1) 0%,rgb(155,81,224) 100%)","background_repeat":"repeat","background_size":"auto","background_attachment":"scroll","patternColor":{"default":{"color":"#e5e7ea"}},"overlayColor":{"default":{"color":"CT_CSS_SKIP_RULE"}},"backgroundColor":{"default":{"color":"var(--paletteColor6)"}}},"pageTitlePadding":{"top":"50px","bottom":"50px","left":"auto","right":"auto","linked":true},"727838cdb0b1b4a50b61a179627d1773":"","page_structure_type":"default","bf2280b6f99e95fe8df362e1d9c4e945":"","content_style_source":"inherit","content_style":"wide","vertical_spacing_source":"custom","content_area_spacing":"none","background":{"background_type":"color","background_pattern":"type-1","background_image":{"attachment_id":null,"x":0,"y":0},"gradient":"linear-gradient(135deg,rgba(6,147,227,1) 0%,rgb(155,81,224) 100%)","background_repeat":"repeat","background_size":"auto","background_attachment":"scroll","patternColor":{"default":{"color":"#e5e7ea"}},"overlayColor":{"default":{"color":"CT_CSS_SKIP_RULE"}},"backgroundColor":{"default":{"color":"CT_CSS_SKIP_RULE"}}},"content_background":{"background_type":"color","background_pattern":"type-1","background_image":{"attachment_id":null,"x":0,"y":0},"gradient":"linear-gradient(135deg,rgba(6,147,227,1) 0%,rgb(155,81,224) 100%)","background_repeat":"repeat","background_size":"auto","background_attachment":"scroll","patternColor":{"default":{"color":"#e5e7ea"}},"overlayColor":{"default":{"color":"CT_CSS_SKIP_RULE"}},"backgroundColor":{"default":{"color":"var(--paletteColor8)"}}},"content_boxed_shadow":{"inherit":false,"blur":18,"spread":-6,"v_offset":12,"h_offset":0,"inset":false,"enable":true,"color":{"color":"rgba(34, 56, 101, 0.04)"}},"boxed_content_spacing":{"desktop":{"top":"40px","bottom":"40px","left":"40px","right":"40px","linked":true},"tablet":{"top":"35px","bottom":"35px","left":"35px","right":"35px","linked":true},"mobile":{"top":"20px","bottom":"20px","left":"20px","right":"20px","linked":true}},"content_boxed_radius":{"top":"3px","bottom":"3px","left":"3px","right":"3px","linked":true},"203928799f3efe87295f481e9e43b493":"","disable_featured_image":"no","disable_share_box":"no","disable_header":"no","disable_footer":"no"},"featured_image_urls":{"full":"","thumbnail":"","medium":"","medium_large":"","large":"","1536x1536":"","2048x2048":"","woocommerce_thumbnail":"","woocommerce_single":"","woocommerce_gallery_thumbnail":""},"post_excerpt_stackable":"<p>Somos apaixonados por moda e por inspirar a confian\u00e7a e a autenticidade de cada mulher. Na nossa loja, acreditamos que a moda vai al\u00e9m das tend\u00eancias, \u00e9 uma express\u00e3o \u00fanica de quem voc\u00ea \u00e9. Com uma sele\u00e7\u00e3o de pe\u00e7as modernas, atemporais e elegantes, oferecemos um espa\u00e7o onde cada cliente pode encontrar algo que ressoa com sua personalidade e estilo pessoal. Seja bem-vinda \u00e0 nossa comunidade de moda. Nosso compromisso vai al\u00e9m das roupas &#8211; buscamos criar uma experi\u00eancia de compra que celebra a individualidade, onde cada mulher se sente empoderada ao se vestir exatamente como deseja.<\/p>\n","category_list":"","author_info":{"name":"suporte","url":"https:\/\/templates.loguei.com\/ecomm01\/author\/suporte\/"},"comments_num":"0 coment\u00e1rio","_links":{"self":[{"href":"https:\/\/templates.loguei.com\/ecomm01\/wp-json\/wp\/v2\/pages\/203","targetHints":{"allow":["GET"]}}],"collection":[{"href":"https:\/\/templates.loguei.com\/ecomm01\/wp-json\/wp\/v2\/pages"}],"about":[{"href":"https:\/\/templates.loguei.com\/ecomm01\/wp-json\/wp\/v2\/types\/page"}],"author":[{"embeddable":true,"href":"https:\/\/templates.loguei.com\/ecomm01\/wp-json\/wp\/v2\/users\/1"}],"replies":[{"embeddable":true,"href":"https:\/\/templates.loguei.com\/ecomm01\/wp-json\/wp\/v2\/comments?post=203"}],"version-history":[{"count":17,"href":"https:\/\/templates.loguei.com\/ecomm01\/wp-json\/wp\/v2\/pages\/203\/revisions"}],"predecessor-version":[{"id":779,"href":"https:\/\/templates.loguei.com\/ecomm01\/wp-json\/wp\/v2\/pages\/203\/revisions\/779"}],"wp:attachment":[{"href":"https:\/\/templates.loguei.com\/ecomm01\/wp-json\/wp\/v2\/media?parent=203"}],"curies":[{"name":"wp","href":"https:\/\/api.w.org\/{rel}","templated":true}]}}